{"id":12,"date":"2024-04-19T12:16:56","date_gmt":"2024-04-19T10:16:56","guid":{"rendered":"http:\/\/www.monpins.com\/?page_id=12"},"modified":"2024-05-13T12:39:07","modified_gmt":"2024-05-13T10:39:07","slug":"a-propos","status":"publish","type":"page","link":"https:\/\/www.monpins.com\/index.php\/a-propos\/","title":{"rendered":"\u00c0 Propos"},"content":{"rendered":"\t\t<div data-elementor-type=\"wp-page\" data-elementor-id=\"12\" class=\"elementor elementor-12\">\n\t\t\t\t<div class=\"elementor-element elementor-element-ab77e7b e-flex e-con-boxed e-con e-parent\" data-id=\"ab77e7b\" data-element_type=\"container\">\n\t\t\t\t\t<div class=\"e-con-inner\">\n\t\t\t\t\t<\/div>\n\t\t\t\t<\/div>\n\t\t<div class=\"elementor-element elementor-element-6f04348 e-con-full e-flex e-con e-parent\" data-id=\"6f04348\" data-element_type=\"container\" data-settings=\"{&quot;background_background&quot;:&quot;classic&quot;}\">\n\t\t\t\t<div class=\"elementor-element elementor-element-8179bc7 elementor-widget elementor-widget-spacer\" data-id=\"8179bc7\" data-element_type=\"widget\" data-widget_type=\"spacer.default\">\n\t\t\t\t<div class=\"elementor-widget-container\">\n\t\t\t<style>\/*! elementor - v3.21.0 - 18-04-2024 *\/\n.elementor-column .elementor-spacer-inner{height:var(--spacer-size)}.e-con{--container-widget-width:100%}.e-con-inner>.elementor-widget-spacer,.e-con>.elementor-widget-spacer{width:var(--container-widget-width,var(--spacer-size));--align-self:var(--container-widget-align-self,initial);--flex-shrink:0}.e-con-inner>.elementor-widget-spacer>.elementor-widget-container,.e-con>.elementor-widget-spacer>.elementor-widget-container{height:100%;width:100%}.e-con-inner>.elementor-widget-spacer>.elementor-widget-container>.elementor-spacer,.e-con>.elementor-widget-spacer>.elementor-widget-container>.elementor-spacer{height:100%}.e-con-inner>.elementor-widget-spacer>.elementor-widget-container>.elementor-spacer>.elementor-spacer-inner,.e-con>.elementor-widget-spacer>.elementor-widget-container>.elementor-spacer>.elementor-spacer-inner{height:var(--container-widget-height,var(--spacer-size))}.e-con-inner>.elementor-widget-spacer.elementor-widget-empty,.e-con>.elementor-widget-spacer.elementor-widget-empty{position:relative;min-height:22px;min-width:22px}.e-con-inner>.elementor-widget-spacer.elementor-widget-empty .elementor-widget-empty-icon,.e-con>.elementor-widget-spacer.elementor-widget-empty .elementor-widget-empty-icon{position:absolute;top:0;bottom:0;left:0;right:0;margin:auto;padding:0;width:22px;height:22px}<\/style>\t\t<div class=\"elementor-spacer\">\n\t\t\t<div class=\"elementor-spacer-inner\"><\/div>\n\t\t<\/div>\n\t\t\t\t<\/div>\n\t\t\t\t<\/div>\n\t\t\t\t<div class=\"elementor-element elementor-element-2c14b52 elementor-widget elementor-widget-heading\" data-id=\"2c14b52\" data-element_type=\"widget\" data-widget_type=\"heading.default\">\n\t\t\t\t<div class=\"elementor-widget-container\">\n\t\t\t<style>\/*! elementor - v3.21.0 - 18-04-2024 *\/\n.elementor-heading-title{padding:0;margin:0;line-height:1}.elementor-widget-heading .elementor-heading-title[class*=elementor-size-]>a{color:inherit;font-size:inherit;line-height:inherit}.elementor-widget-heading .elementor-heading-title.elementor-size-small{font-size:15px}.elementor-widget-heading .elementor-heading-title.elementor-size-medium{font-size:19px}.elementor-widget-heading .elementor-heading-title.elementor-size-large{font-size:29px}.elementor-widget-heading .elementor-heading-title.elementor-size-xl{font-size:39px}.elementor-widget-heading .elementor-heading-title.elementor-size-xxl{font-size:59px}<\/style><h1 class=\"elementor-heading-title elementor-size-default\">A PROPOS DE NOUS<\/h1>\t\t<\/div>\n\t\t\t\t<\/div>\n\t\t\t\t<div class=\"elementor-element elementor-element-14c152b elementor-widget-divider--view-line elementor-widget elementor-widget-divider\" data-id=\"14c152b\" data-element_type=\"widget\" data-widget_type=\"divider.default\">\n\t\t\t\t<div class=\"elementor-widget-container\">\n\t\t\t<style>\/*! elementor - v3.21.0 - 18-04-2024 *\/\n.elementor-widget-divider{--divider-border-style:none;--divider-border-width:1px;--divider-color:#0c0d0e;--divider-icon-size:20px;--divider-element-spacing:10px;--divider-pattern-height:24px;--divider-pattern-size:20px;--divider-pattern-url:none;--divider-pattern-repeat:repeat-x}.elementor-widget-divider .elementor-divider{display:flex}.elementor-widget-divider .elementor-divider__text{font-size:15px;line-height:1;max-width:95%}.elementor-widget-divider .elementor-divider__element{margin:0 var(--divider-element-spacing);flex-shrink:0}.elementor-widget-divider .elementor-icon{font-size:var(--divider-icon-size)}.elementor-widget-divider .elementor-divider-separator{display:flex;margin:0;direction:ltr}.elementor-widget-divider--view-line_icon .elementor-divider-separator,.elementor-widget-divider--view-line_text .elementor-divider-separator{align-items:center}.elementor-widget-divider--view-line_icon .elementor-divider-separator:after,.elementor-widget-divider--view-line_icon .elementor-divider-separator:before,.elementor-widget-divider--view-line_text .elementor-divider-separator:after,.elementor-widget-divider--view-line_text .elementor-divider-separator:before{display:block;content:\"\";border-block-end:0;flex-grow:1;border-block-start:var(--divider-border-width) var(--divider-border-style) var(--divider-color)}.elementor-widget-divider--element-align-left .elementor-divider .elementor-divider-separator>.elementor-divider__svg:first-of-type{flex-grow:0;flex-shrink:100}.elementor-widget-divider--element-align-left .elementor-divider-separator:before{content:none}.elementor-widget-divider--element-align-left .elementor-divider__element{margin-left:0}.elementor-widget-divider--element-align-right .elementor-divider .elementor-divider-separator>.elementor-divider__svg:last-of-type{flex-grow:0;flex-shrink:100}.elementor-widget-divider--element-align-right .elementor-divider-separator:after{content:none}.elementor-widget-divider--element-align-right .elementor-divider__element{margin-right:0}.elementor-widget-divider--element-align-start .elementor-divider .elementor-divider-separator>.elementor-divider__svg:first-of-type{flex-grow:0;flex-shrink:100}.elementor-widget-divider--element-align-start .elementor-divider-separator:before{content:none}.elementor-widget-divider--element-align-start .elementor-divider__element{margin-inline-start:0}.elementor-widget-divider--element-align-end .elementor-divider .elementor-divider-separator>.elementor-divider__svg:last-of-type{flex-grow:0;flex-shrink:100}.elementor-widget-divider--element-align-end .elementor-divider-separator:after{content:none}.elementor-widget-divider--element-align-end .elementor-divider__element{margin-inline-end:0}.elementor-widget-divider:not(.elementor-widget-divider--view-line_text):not(.elementor-widget-divider--view-line_icon) .elementor-divider-separator{border-block-start:var(--divider-border-width) var(--divider-border-style) var(--divider-color)}.elementor-widget-divider--separator-type-pattern{--divider-border-style:none}.elementor-widget-divider--separator-type-pattern.elementor-widget-divider--view-line .elementor-divider-separator,.elementor-widget-divider--separator-type-pattern:not(.elementor-widget-divider--view-line) .elementor-divider-separator:after,.elementor-widget-divider--separator-type-pattern:not(.elementor-widget-divider--view-line) .elementor-divider-separator:before,.elementor-widget-divider--separator-type-pattern:not([class*=elementor-widget-divider--view]) .elementor-divider-separator{width:100%;min-height:var(--divider-pattern-height);-webkit-mask-size:var(--divider-pattern-size) 100%;mask-size:var(--divider-pattern-size) 100%;-webkit-mask-repeat:var(--divider-pattern-repeat);mask-repeat:var(--divider-pattern-repeat);background-color:var(--divider-color);-webkit-mask-image:var(--divider-pattern-url);mask-image:var(--divider-pattern-url)}.elementor-widget-divider--no-spacing{--divider-pattern-size:auto}.elementor-widget-divider--bg-round{--divider-pattern-repeat:round}.rtl .elementor-widget-divider .elementor-divider__text{direction:rtl}.e-con-inner>.elementor-widget-divider,.e-con>.elementor-widget-divider{width:var(--container-widget-width,100%);--flex-grow:var(--container-widget-flex-grow)}<\/style>\t\t<div class=\"elementor-divider\">\n\t\t\t<span class=\"elementor-divider-separator\">\n\t\t\t\t\t\t<\/span>\n\t\t<\/div>\n\t\t\t\t<\/div>\n\t\t\t\t<\/div>\n\t\t\t\t<div class=\"elementor-element elementor-element-153a5a3 elementor-invisible elementor-widget elementor-widget-image\" data-id=\"153a5a3\" data-element_type=\"widget\" data-settings=\"{&quot;_animation&quot;:&quot;rollIn&quot;}\" data-widget_type=\"image.default\">\n\t\t\t\t<div class=\"elementor-widget-container\">\n\t\t\t<style>\/*! elementor - v3.21.0 - 18-04-2024 *\/\n.elementor-widget-image{text-align:center}.elementor-widget-image a{display:inline-block}.elementor-widget-image a img[src$=\".svg\"]{width:48px}.elementor-widget-image img{vertical-align:middle;display:inline-block}<\/style>\t\t\t\t\t\t\t\t\t\t<img fetchpriority=\"high\" decoding=\"async\" width=\"500\" height=\"253\" src=\"https:\/\/www.monpins.com\/wp-content\/uploads\/2024\/04\/cropped-logo-monpins.png\" class=\"attachment-large size-large wp-image-6\" alt=\"\" srcset=\"https:\/\/www.monpins.com\/wp-content\/uploads\/2024\/04\/cropped-logo-monpins.png 500w, https:\/\/www.monpins.com\/wp-content\/uploads\/2024\/04\/cropped-logo-monpins-300x152.png 300w\" sizes=\"(max-width: 500px) 100vw, 500px\" \/>\t\t\t\t\t\t\t\t\t\t\t\t\t<\/div>\n\t\t\t\t<\/div>\n\t\t<div class=\"elementor-element elementor-element-771f920 e-grid e-con-boxed e-con e-child\" data-id=\"771f920\" data-element_type=\"container\">\n\t\t\t\t\t<div class=\"e-con-inner\">\n\t\t<div class=\"elementor-element elementor-element-2d6c620 e-flex e-con-boxed e-con e-child\" data-id=\"2d6c620\" data-element_type=\"container\">\n\t\t\t\t\t<div class=\"e-con-inner\">\n\t\t\t\t<div class=\"elementor-element elementor-element-833b575 elementor-widget elementor-widget-heading\" data-id=\"833b575\" data-element_type=\"widget\" data-widget_type=\"heading.default\">\n\t\t\t\t<div class=\"elementor-widget-container\">\n\t\t\t<h5 class=\"elementor-heading-title elementor-size-default\">Bienvenue chez HMC, o\u00f9 votre vision se transforme en embl\u00e8mes de distinction.<\/h5>\t\t<\/div>\n\t\t\t\t<\/div>\n\t\t\t\t<div class=\"elementor-element elementor-element-50f66e5 elementor-widget elementor-widget-text-editor\" data-id=\"50f66e5\" data-element_type=\"widget\" data-widget_type=\"text-editor.default\">\n\t\t\t\t<div class=\"elementor-widget-container\">\n\t\t\t<style>\/*! elementor - v3.21.0 - 18-04-2024 *\/\n.elementor-widget-text-editor.elementor-drop-cap-view-stacked .elementor-drop-cap{background-color:#69727d;color:#fff}.elementor-widget-text-editor.elementor-drop-cap-view-framed .elementor-drop-cap{color:#69727d;border:3px solid;background-color:transparent}.elementor-widget-text-editor:not(.elementor-drop-cap-view-default) .elementor-drop-cap{margin-top:8px}.elementor-widget-text-editor:not(.elementor-drop-cap-view-default) .elementor-drop-cap-letter{width:1em;height:1em}.elementor-widget-text-editor .elementor-drop-cap{float:left;text-align:center;line-height:1;font-size:50px}.elementor-widget-text-editor .elementor-drop-cap-letter{display:inline-block}<\/style>\t\t\t\t<p>Depuis 1989, nous accompagnons les entreprises, associations et organisations dans leur qu\u00eate d&#8217;excellence, en offrant des pins personnalis\u00e9s de la plus haute qualit\u00e9. Bas\u00e9s \u00e0 Paris, nous sommes fiers de notre r\u00e9putation d&#8217;excellence, construite sur la confiance et le savoir-faire. D\u00e9couvrez comment notre d\u00e9votion \u00e0 l&#8217;art de la cr\u00e9ation de pins peut valoriser votre marque ou votre \u00e9v\u00e9nement.<\/p>\t\t\t\t\t\t<\/div>\n\t\t\t\t<\/div>\n\t\t\t\t<div class=\"elementor-element elementor-element-a82ad3f elementor-widget elementor-widget-image\" data-id=\"a82ad3f\" data-element_type=\"widget\" data-widget_type=\"image.default\">\n\t\t\t\t<div class=\"elementor-widget-container\">\n\t\t\t\t\t\t\t\t\t\t\t\t\t<img decoding=\"async\" src=\"https:\/\/www.monpins.com\/wp-content\/uploads\/2024\/05\/logo-hmc-noir.png\" title=\"logo hmc noir\" alt=\"logo hmc noir\" loading=\"lazy\" \/>\t\t\t\t\t\t\t\t\t\t\t\t\t<\/div>\n\t\t\t\t<\/div>\n\t\t\t\t<div class=\"elementor-element elementor-element-5652bc1 elementor-widget elementor-widget-text-editor\" data-id=\"5652bc1\" data-element_type=\"widget\" data-widget_type=\"text-editor.default\">\n\t\t\t\t<div class=\"elementor-widget-container\">\n\t\t\t\t\t\t\t<p>\u00a0<\/p><p><strong>Notre Histoire :<\/strong><\/p><p>&#8220;Fond\u00e9e en 1989, HMC s&#8217;est impos\u00e9e comme la r\u00e9f\u00e9rence dans la cr\u00e9ation de pins personnalis\u00e9s, en servant une client\u00e8le exigeante \u00e0 la recherche d&#8217;excellence et d&#8217;unicit\u00e9. Notre atelier, situ\u00e9 au 8 rue Jean Goujon, 75008 Paris, est le c\u0153ur de notre cr\u00e9ativit\u00e9 et de notre passion pour la qualit\u00e9.&#8221;<\/p><p><strong>Notre mission :<\/strong><\/p><p>&#8220;Notre mission est de transformer vos id\u00e9es en symboles m\u00e9morables qui valorisent votre identit\u00e9 et renforcent votre message. Nous nous engageons \u00e0 offrir une qualit\u00e9 irr\u00e9prochable, un service client sans \u00e9gal et une expertise incontest\u00e9e dans le domaine des pins personnalis\u00e9s.&#8221;<\/p>\t\t\t\t\t\t<\/div>\n\t\t\t\t<\/div>\n\t\t\t\t<div class=\"elementor-element elementor-element-18e9c45 elementor-widget elementor-widget-spacer\" data-id=\"18e9c45\" data-element_type=\"widget\" data-widget_type=\"spacer.default\">\n\t\t\t\t<div class=\"elementor-widget-container\">\n\t\t\t\t\t<div class=\"elementor-spacer\">\n\t\t\t<div class=\"elementor-spacer-inner\"><\/div>\n\t\t<\/div>\n\t\t\t\t<\/div>\n\t\t\t\t<\/div>\n\t\t\t\t\t<\/div>\n\t\t\t\t<\/div>\n\t\t\t\t\t<\/div>\n\t\t\t\t<\/div>\n\t\t\t\t<\/div>\n\t\t<div class=\"elementor-element elementor-element-f0ef7cf e-flex e-con-boxed e-con e-parent\" data-id=\"f0ef7cf\" data-element_type=\"container\" data-settings=\"{&quot;background_background&quot;:&quot;gradient&quot;}\">\n\t\t\t\t\t<div class=\"e-con-inner\">\n\t\t<div class=\"elementor-element elementor-element-cd397da e-con-full e-flex e-con e-child\" data-id=\"cd397da\" data-element_type=\"container\">\n\t\t\t\t<\/div>\n\t\t<div class=\"elementor-element elementor-element-643fe88 e-con-full e-flex e-con e-child\" data-id=\"643fe88\" data-element_type=\"container\">\n\t\t\t\t<\/div>\n\t\t\t\t\t<\/div>\n\t\t\t\t<\/div>\n\t\t\t\t<\/div>\n\t\t","protected":false},"excerpt":{"rendered":"<p>A PROPOS DE NOUS Bienvenue chez HMC, o\u00f9 votre vision se transforme en embl\u00e8mes de distinction. Depuis 1989, nous accompagnons&#8230;<\/p>\n","protected":false},"author":1,"featured_media":0,"parent":0,"menu_order":0,"comment_status":"closed","ping_status":"closed","template":"elementor_header_footer","meta":{"footnotes":""},"class_list":["post-12","page","type-page","status-publish","hentry"],"post-meta":{"_edit_lock":["1715596795:1"],"_edit_last":["1"],"site-container":["default"],"site-header-transparent":["default"],"site-page-header":["default"],"site-sidebar":["default"],"_elementor_edit_mode":["builder"],"_elementor_template_type":["wp-page"],"_elementor_version":["3.21.1"],"_wp_page_template":["elementor_header_footer"],"_elementor_data":["[{\"id\":\"ab77e7b\",\"elType\":\"container\",\"settings\":{\"flex_direction\":\"column\"},\"elements\":[],\"isInner\":false},{\"id\":\"6f04348\",\"elType\":\"container\",\"settings\":{\"flex_direction\":\"column\",\"content_width\":\"full\",\"width\":{\"unit\":\"%\",\"size\":97.217},\"background_background\":\"classic\",\"background_color\":\"#25357000\",\"background_gradient_angle\":{\"unit\":\"deg\",\"size\":360,\"sizes\":[]},\"_flex_size\":\"none\",\"_element_width\":\"initial\"},\"elements\":[{\"id\":\"8179bc7\",\"elType\":\"widget\",\"settings\":[],\"elements\":[],\"widgetType\":\"spacer\"},{\"id\":\"2c14b52\",\"elType\":\"widget\",\"settings\":{\"title\":\"A PROPOS DE NOUS\",\"align\":\"center\",\"title_color\":\"#000000\",\"typography_typography\":\"custom\",\"typography_font_family\":\"Kanit\",\"typography_font_weight\":\"600\",\"header_size\":\"h1\"},\"elements\":[],\"widgetType\":\"heading\"},{\"id\":\"14c152b\",\"elType\":\"widget\",\"settings\":{\"width\":{\"unit\":\"%\",\"size\":18,\"sizes\":[]},\"align\":\"center\",\"text\":\"Divider\",\"color\":\"#000000\",\"_margin\":{\"unit\":\"px\",\"top\":\"-18\",\"right\":\"0\",\"bottom\":\"0\",\"left\":\"0\",\"isLinked\":false}},\"elements\":[],\"widgetType\":\"divider\"},{\"id\":\"153a5a3\",\"elType\":\"widget\",\"settings\":{\"image\":{\"url\":\"http:\\\/\\\/www.monpins.com\\\/wp-content\\\/uploads\\\/2024\\\/04\\\/cropped-logo-monpins.png\",\"id\":6,\"size\":\"\",\"alt\":\"\",\"source\":\"library\"},\"align\":\"center\",\"_flex_align_self\":\"center\",\"_animation\":\"rollIn\"},\"elements\":[],\"widgetType\":\"image\"},{\"id\":\"771f920\",\"elType\":\"container\",\"settings\":{\"container_type\":\"grid\",\"boxed_width\":{\"unit\":\"px\",\"size\":660,\"sizes\":[]},\"grid_columns_grid\":{\"unit\":\"fr\",\"size\":1,\"sizes\":[]},\"grid_rows_grid\":{\"unit\":\"fr\",\"size\":1,\"sizes\":[]},\"_flex_align_self\":\"center\",\"_flex_size\":\"grow\",\"presetTitle\":\"Grid\",\"presetIcon\":\"eicon-container-grid\"},\"elements\":[{\"id\":\"2d6c620\",\"elType\":\"container\",\"settings\":[],\"elements\":[{\"id\":\"833b575\",\"elType\":\"widget\",\"settings\":{\"title\":\"Bienvenue chez HMC, o\\u00f9 votre vision se transforme en embl\\u00e8mes de distinction.\",\"header_size\":\"h5\",\"align\":\"center\",\"title_color\":\"#000000\",\"typography_typography\":\"custom\",\"typography_font_family\":\"Kanit\",\"typography_font_weight\":\"600\"},\"elements\":[],\"widgetType\":\"heading\"},{\"id\":\"50f66e5\",\"elType\":\"widget\",\"settings\":{\"editor\":\"<p>Depuis 1989, nous accompagnons les entreprises, associations et organisations dans leur qu\\u00eate d'excellence, en offrant des pins personnalis\\u00e9s de la plus haute qualit\\u00e9. Bas\\u00e9s \\u00e0 Paris, nous sommes fiers de notre r\\u00e9putation d'excellence, construite sur la confiance et le savoir-faire. D\\u00e9couvrez comment notre d\\u00e9votion \\u00e0 l'art de la cr\\u00e9ation de pins peut valoriser votre marque ou votre \\u00e9v\\u00e9nement.<\\\/p>\",\"align\":\"center\",\"text_color\":\"#000000\",\"typography_typography\":\"custom\",\"typography_font_family\":\"Kanit\",\"typography_font_size\":{\"unit\":\"px\",\"size\":16,\"sizes\":[]},\"typography_font_weight\":\"400\",\"typography_line_height\":{\"unit\":\"px\",\"size\":20,\"sizes\":[]}},\"elements\":[],\"widgetType\":\"text-editor\"},{\"id\":\"a82ad3f\",\"elType\":\"widget\",\"settings\":{\"image\":{\"url\":\"http:\\\/\\\/www.monpins.com\\\/wp-content\\\/uploads\\\/2024\\\/05\\\/logo-hmc-noir.png\",\"id\":1014,\"size\":\"\",\"alt\":\"\",\"source\":\"library\"},\"image_size\":\"custom\",\"image_custom_dimension\":{\"width\":\"200\",\"height\":\"\"}},\"elements\":[],\"widgetType\":\"image\"},{\"id\":\"5652bc1\",\"elType\":\"widget\",\"settings\":{\"editor\":\"<p>\\u00a0<\\\/p><p><strong>Notre Histoire :<\\\/strong><\\\/p><p>\\\"Fond\\u00e9e en 1989, HMC s'est impos\\u00e9e comme la r\\u00e9f\\u00e9rence dans la cr\\u00e9ation de pins personnalis\\u00e9s, en servant une client\\u00e8le exigeante \\u00e0 la recherche d'excellence et d'unicit\\u00e9. Notre atelier, situ\\u00e9 au 8 rue Jean Goujon, 75008 Paris, est le c\\u0153ur de notre cr\\u00e9ativit\\u00e9 et de notre passion pour la qualit\\u00e9.\\\"<\\\/p><p><strong>Notre mission :<\\\/strong><\\\/p><p>\\\"Notre mission est de transformer vos id\\u00e9es en symboles m\\u00e9morables qui valorisent votre identit\\u00e9 et renforcent votre message. Nous nous engageons \\u00e0 offrir une qualit\\u00e9 irr\\u00e9prochable, un service client sans \\u00e9gal et une expertise incontest\\u00e9e dans le domaine des pins personnalis\\u00e9s.\\\"<\\\/p>\",\"align\":\"center\",\"typography_typography\":\"custom\",\"typography_font_family\":\"Kanit\",\"typography_font_size\":{\"unit\":\"px\",\"size\":15,\"sizes\":[]},\"typography_font_weight\":\"300\",\"typography_line_height\":{\"unit\":\"px\",\"size\":19,\"sizes\":[]},\"_margin\":{\"unit\":\"px\",\"top\":\"-15\",\"right\":\"0\",\"bottom\":\"0\",\"left\":\"0\",\"isLinked\":false},\"_padding\":{\"unit\":\"px\",\"top\":\"0\",\"right\":\"0\",\"bottom\":\"0\",\"left\":\"0\",\"isLinked\":true},\"__globals__\":{\"text_color\":\"globals\\\/colors?id=woostify_color_2\"}},\"elements\":[],\"widgetType\":\"text-editor\"},{\"id\":\"18e9c45\",\"elType\":\"widget\",\"settings\":[],\"elements\":[],\"widgetType\":\"spacer\"}],\"isInner\":true}],\"isInner\":true}],\"isInner\":false},{\"id\":\"f0ef7cf\",\"elType\":\"container\",\"settings\":{\"flex_direction\":\"row\",\"flex_gap\":{\"unit\":\"px\",\"size\":0,\"column\":\"0\",\"row\":\"0\"},\"background_background\":\"gradient\",\"background_color\":\"#253570\",\"background_gradient_angle\":{\"unit\":\"deg\",\"size\":118,\"sizes\":[]}},\"elements\":[{\"id\":\"cd397da\",\"elType\":\"container\",\"settings\":{\"flex_direction\":\"column\",\"content_width\":\"full\",\"width\":{\"unit\":\"%\",\"size\":\"33.3333\"}},\"elements\":[],\"isInner\":true},{\"id\":\"643fe88\",\"elType\":\"container\",\"settings\":{\"flex_direction\":\"column\",\"content_width\":\"full\",\"width\":{\"unit\":\"%\",\"size\":\"66.6666\"}},\"elements\":[],\"isInner\":true}],\"isInner\":false}]"],"_elementor_page_assets":["a:1:{s:6:\"styles\";a:1:{i:0;s:12:\"e-animations\";}}"],"_elementor_controls_usage":["a:6:{s:9:\"container\";a:3:{s:5:\"count\";i:7;s:15:\"control_percent\";i:1;s:8:\"controls\";a:3:{s:6:\"layout\";a:1:{s:24:\"section_layout_container\";a:8:{s:14:\"flex_direction\";i:5;s:14:\"container_type\";i:1;s:11:\"boxed_width\";i:1;s:17:\"grid_columns_grid\";i:1;s:14:\"grid_rows_grid\";i:1;s:13:\"content_width\";i:3;s:5:\"width\";i:3;s:8:\"flex_gap\";i:1;}}s:8:\"advanced\";a:1:{s:14:\"section_layout\";a:2:{s:16:\"_flex_align_self\";i:1;s:10:\"_flex_size\";i:2;}}s:5:\"style\";a:1:{s:18:\"section_background\";a:3:{s:21:\"background_background\";i:2;s:16:\"background_color\";i:2;s:25:\"background_gradient_angle\";i:2;}}}}s:6:\"spacer\";a:3:{s:5:\"count\";i:2;s:15:\"control_percent\";i:0;s:8:\"controls\";a:0:{}}s:7:\"heading\";a:3:{s:5:\"count\";i:2;s:15:\"control_percent\";i:3;s:8:\"controls\";a:2:{s:7:\"content\";a:1:{s:13:\"section_title\";a:2:{s:5:\"title\";i:2;s:11:\"header_size\";i:2;}}s:5:\"style\";a:1:{s:19:\"section_title_style\";a:5:{s:5:\"align\";i:2;s:11:\"title_color\";i:2;s:21:\"typography_typography\";i:2;s:22:\"typography_font_family\";i:2;s:22:\"typography_font_weight\";i:2;}}}}s:7:\"divider\";a:3:{s:5:\"count\";i:1;s:15:\"control_percent\";i:1;s:8:\"controls\";a:3:{s:7:\"content\";a:1:{s:15:\"section_divider\";a:2:{s:5:\"width\";i:1;s:5:\"align\";i:1;}}s:5:\"style\";a:1:{s:21:\"section_divider_style\";a:1:{s:5:\"color\";i:1;}}s:8:\"advanced\";a:1:{s:14:\"_section_style\";a:1:{s:7:\"_margin\";i:1;}}}}s:5:\"image\";a:3:{s:5:\"count\";i:2;s:15:\"control_percent\";i:1;s:8:\"controls\";a:3:{s:7:\"content\";a:1:{s:13:\"section_image\";a:3:{s:5:\"image\";i:2;s:10:\"image_size\";i:1;s:22:\"image_custom_dimension\";i:1;}}s:5:\"style\";a:1:{s:19:\"section_style_image\";a:1:{s:5:\"align\";i:1;}}s:8:\"advanced\";a:2:{s:14:\"_section_style\";a:1:{s:16:\"_flex_align_self\";i:1;}s:15:\"section_effects\";a:1:{s:10:\"_animation\";i:1;}}}}s:11:\"text-editor\";a:3:{s:5:\"count\";i:2;s:15:\"control_percent\";i:3;s:8:\"controls\";a:3:{s:7:\"content\";a:1:{s:14:\"section_editor\";a:1:{s:6:\"editor\";i:2;}}s:5:\"style\";a:1:{s:13:\"section_style\";a:7:{s:5:\"align\";i:2;s:10:\"text_color\";i:1;s:21:\"typography_typography\";i:2;s:22:\"typography_font_family\";i:2;s:20:\"typography_font_size\";i:2;s:22:\"typography_font_weight\";i:2;s:22:\"typography_line_height\";i:2;}}s:8:\"advanced\";a:1:{s:14:\"_section_style\";a:2:{s:7:\"_margin\";i:1;s:8:\"_padding\";i:1;}}}}}"],"_elementor_css":["a:6:{s:4:\"time\";i:1715934470;s:5:\"fonts\";a:1:{i:0;s:5:\"Kanit\";}s:5:\"icons\";a:0:{}s:20:\"dynamic_elements_ids\";a:0:{}s:6:\"status\";s:4:\"file\";i:0;s:0:\"\";}"]},"_links":{"self":[{"href":"https:\/\/www.monpins.com\/index.php\/wp-json\/wp\/v2\/pages\/12","targetHints":{"allow":["GET"]}}],"collection":[{"href":"https:\/\/www.monpins.com\/index.php\/wp-json\/wp\/v2\/pages"}],"about":[{"href":"https:\/\/www.monpins.com\/index.php\/wp-json\/wp\/v2\/types\/page"}],"author":[{"embeddable":true,"href":"https:\/\/www.monpins.com\/index.php\/wp-json\/wp\/v2\/users\/1"}],"replies":[{"embeddable":true,"href":"https:\/\/www.monpins.com\/index.php\/wp-json\/wp\/v2\/comments?post=12"}],"version-history":[{"count":46,"href":"https:\/\/www.monpins.com\/index.php\/wp-json\/wp\/v2\/pages\/12\/revisions"}],"predecessor-version":[{"id":1020,"href":"https:\/\/www.monpins.com\/index.php\/wp-json\/wp\/v2\/pages\/12\/revisions\/1020"}],"wp:attachment":[{"href":"https:\/\/www.monpins.com\/index.php\/wp-json\/wp\/v2\/media?parent=12"}],"curies":[{"name":"wp","href":"https:\/\/api.w.org\/{rel}","templated":true}]}}